{"id":1881,"date":"2024-09-02T15:06:01","date_gmt":"2024-09-02T15:06:01","guid":{"rendered":"https:\/\/zelyss.com\/art\/?post_type=product&#038;p=1881"},"modified":"2025-11-26T08:39:25","modified_gmt":"2025-11-26T08:39:25","slug":"little-circus-elephant-papier-mache-ooak-sculpture","status":"publish","type":"product","link":"https:\/\/zelyss.com\/art\/product\/little-circus-elephant-papier-mache-ooak-sculpture\/","title":{"rendered":"&#8216;Little circus elephant&#8217; &#8211; Papier-m\u00e2ch\u00e9 OOAK sculpture"},"content":{"rendered":"<h4><a href=\"https:\/\/zelyss.com\/art\/newsletter\/\">Subscribe to my newsletter (coming on the 15th of every month) to get 30% discount code for the first week after original&#8217;s release!!<\/a><\/h4>\n<p>A little circus elephant!<\/p>\n<p>Papier-m\u00e2ch\u00e9 sculpture dimensions: approx. 5.11&#215;2.36&#8243; \/ 13x6cm<\/p>\n<p>&#8211; This one of a kind paper sculpture has been crafted with as much love and care as all of my creations. It is exclusively made out of paper so it is delicate and must be displayed in a dry environment, away from water and humidity\u2764\ufe0f<\/p>\n<p>Shipment cost: <b>FREE worldwide by Registered (traceable) letter<\/b><br \/>\n(Ships within 4-5 working days after purchase)<\/p>\n<p>Roughly estimated postal delivery time:<br \/>\nEurope: 3-4 days<br \/>\nUSA, Canada: 5-10 days<br \/>\nRest of the world: approx. 2 weeks<\/p>\n<p>Every order gets a little surprise inside!!<\/p>\n<p>Thank you for visiting and thus supporting my art, I really appreciate it\u00a0<img decoding=\"async\" class=\"emoji\" role=\"img\" draggable=\"false\" src=\"https:\/\/s.w.org\/images\/core\/emoji\/14.0.0\/svg\/2764.svg\" alt=\"\u2764\ufe0f\" \/><\/p>\n","protected":false},"excerpt":{"rendered":"<p>&#8216;Little circus elephant&#8217; &#8211; Papier-m\u00e2ch\u00e9 OOAK sculpture<\/p>\n","protected":false},"featured_media":1882,"template":"","meta":{"site-sidebar-layout":"default","site-content-layout":"","ast-site-content-layout":"default","site-content-style":"default","site-sidebar-style":"default","ast-global-header-display":"","ast-banner-title-visibility":"","ast-main-header-display":"","ast-hfb-above-header-display":"","ast-hfb-below-header-display":"","ast-hfb-mobile-header-display":"","site-post-title":"","ast-breadcrumbs-content":"","ast-featured-img":"","footer-sml-layout":"","theme-transparent-header-meta":"","adv-header-id-meta":"","stick-header-meta":"","header-above-stick-meta":"","header-main-stick-meta":"","header-below-stick-meta":"","astra-migrate-meta-layouts":"default","ast-page-background-enabled":"default","ast-page-background-meta":{"desktop":{"background-color":"var(--ast-global-color-5)","background-image":"","background-repeat":"repeat","background-position":"center center","background-size":"auto","background-attachment":"scroll","background-type":"","background-media":"","overlay-type":"","overlay-color":"","overlay-opacity":"","overlay-gradient":""},"tablet":{"background-color":"","background-image":"","background-repeat":"repeat","background-position":"center center","background-size":"auto","background-attachment":"scroll","background-type":"","background-media":"","overlay-type":"","overlay-color":"","overlay-opacity":"","overlay-gradient":""},"mobile":{"background-color":"","background-image":"","background-repeat":"repeat","background-position":"center center","background-size":"auto","background-attachment":"scroll","background-type":"","background-media":"","overlay-type":"","overlay-color":"","overlay-opacity":"","overlay-gradient":""}},"ast-content-background-meta":{"desktop":{"background-color":"var(--ast-global-color-4)","background-image":"","background-repeat":"repeat","background-position":"center center","background-size":"auto","background-attachment":"scroll","background-type":"","background-media":"","overlay-type":"","overlay-color":"","overlay-opacity":"","overlay-gradient":""},"tablet":{"background-color":"var(--ast-global-color-4)","background-image":"","background-repeat":"repeat","background-position":"center center","background-size":"auto","background-attachment":"scroll","background-type":"","background-media":"","overlay-type":"","overlay-color":"","overlay-opacity":"","overlay-gradient":""},"mobile":{"background-color":"var(--ast-global-color-4)","background-image":"","background-repeat":"repeat","background-position":"center center","background-size":"auto","background-attachment":"scroll","background-type":"","background-media":"","overlay-type":"","overlay-color":"","overlay-opacity":"","overlay-gradient":""}},"cybocfi_hide_featured_image":"yes"},"product_brand":[],"product_cat":[78],"product_tag":[219,218,95,79,217,80],"class_list":{"0":"post-1881","1":"product","2":"type-product","3":"status-publish","4":"has-post-thumbnail","6":"product_cat-sculptures","7":"product_tag-circus","8":"product_tag-elephant","9":"product_tag-paper-sculpture","10":"product_tag-papier-mache","11":"product_tag-romance","12":"product_tag-sculptures","13":"desktop-align-left","14":"tablet-align-left","15":"mobile-align-left","17":"first","18":"outofstock","19":"sale","20":"taxable","21":"shipping-taxable","22":"purchasable","23":"product-type-simple"},"yoast_head":"<!-- This site is optimized with the Yoast SEO plugin v26.9 - https:\/\/yoast.com\/product\/yoast-seo-wordpress\/ -->\n<title>&#039;Little circus elephant&#039; - Papier-m\u00e2ch\u00e9 OOAK sculpture -<\/title>\n<meta name=\"robots\" content=\"index, follow, max-snippet:-1, max-image-preview:large, max-video-preview:-1\" \/>\n<link rel=\"canonical\" href=\"https:\/\/zelyss.com\/art\/product\/little-circus-elephant-papier-mache-ooak-sculpture\/\" \/>\n<meta property=\"og:locale\" content=\"en_US\" \/>\n<meta property=\"og:type\" content=\"article\" \/>\n<meta property=\"og:title\" content=\"&#039;Little circus elephant&#039; - Papier-m\u00e2ch\u00e9 OOAK sculpture -\" \/>\n<meta property=\"og:description\" content=\"&#039;Little circus elephant&#039; - Papier-m\u00e2ch\u00e9 OOAK sculpture\" \/>\n<meta property=\"og:url\" content=\"https:\/\/zelyss.com\/art\/product\/little-circus-elephant-papier-mache-ooak-sculpture\/\" \/>\n<meta property=\"article:modified_time\" content=\"2025-11-26T08:39:25+00:00\" \/>\n<meta property=\"og:image\" content=\"https:\/\/zelyss.com\/art\/wp-content\/uploads\/2024\/09\/20240805_102826.jpg\" \/>\n\t<meta property=\"og:image:width\" content=\"1200\" \/>\n\t<meta property=\"og:image:height\" content=\"1761\" \/>\n\t<meta property=\"og:image:type\" content=\"image\/jpeg\" \/>\n<meta name=\"twitter:card\" content=\"summary_large_image\" \/>\n<meta name=\"twitter:label1\" content=\"Est. reading time\" \/>\n\t<meta name=\"twitter:data1\" content=\"1 minute\" \/>\n<script type=\"application\/ld+json\" class=\"yoast-schema-graph\">{\"@context\":\"https:\/\/schema.org\",\"@graph\":[{\"@type\":\"WebPage\",\"@id\":\"https:\/\/zelyss.com\/art\/product\/little-circus-elephant-papier-mache-ooak-sculpture\/\",\"url\":\"https:\/\/zelyss.com\/art\/product\/little-circus-elephant-papier-mache-ooak-sculpture\/\",\"name\":\"'Little circus elephant' - Papier-m\u00e2ch\u00e9 OOAK sculpture -\",\"isPartOf\":{\"@id\":\"https:\/\/zelyss.com\/art\/#website\"},\"primaryImageOfPage\":{\"@id\":\"https:\/\/zelyss.com\/art\/product\/little-circus-elephant-papier-mache-ooak-sculpture\/#primaryimage\"},\"image\":{\"@id\":\"https:\/\/zelyss.com\/art\/product\/little-circus-elephant-papier-mache-ooak-sculpture\/#primaryimage\"},\"thumbnailUrl\":\"https:\/\/zelyss.com\/art\/wp-content\/uploads\/2024\/09\/20240805_102826.jpg\",\"datePublished\":\"2024-09-02T15:06:01+00:00\",\"dateModified\":\"2025-11-26T08:39:25+00:00\",\"breadcrumb\":{\"@id\":\"https:\/\/zelyss.com\/art\/product\/little-circus-elephant-papier-mache-ooak-sculpture\/#breadcrumb\"},\"inLanguage\":\"en-US\",\"potentialAction\":[{\"@type\":\"ReadAction\",\"target\":[\"https:\/\/zelyss.com\/art\/product\/little-circus-elephant-papier-mache-ooak-sculpture\/\"]}]},{\"@type\":\"BreadcrumbList\",\"@id\":\"https:\/\/zelyss.com\/art\/product\/little-circus-elephant-papier-mache-ooak-sculpture\/#breadcrumb\",\"itemListElement\":[{\"@type\":\"ListItem\",\"position\":1,\"name\":\"Home\",\"item\":\"https:\/\/zelyss.com\/art\/\"},{\"@type\":\"ListItem\",\"position\":2,\"name\":\"https:\/\/shop.zelyss.com\/\",\"item\":\"https:\/\/zelyss.com\/art\/https-shop-zelyss-com\/\"},{\"@type\":\"ListItem\",\"position\":3,\"name\":\"&#8216;Little circus elephant&#8217; &#8211; Papier-m\u00e2ch\u00e9 OOAK sculpture\"}]},{\"@type\":\"WebSite\",\"@id\":\"https:\/\/zelyss.com\/art\/#website\",\"url\":\"https:\/\/zelyss.com\/art\/\",\"name\":\"\",\"description\":\"Contemporary artist of big eyes paintings, dolls, toys &amp; miniatures\",\"potentialAction\":[{\"@type\":\"SearchAction\",\"target\":{\"@type\":\"EntryPoint\",\"urlTemplate\":\"https:\/\/zelyss.com\/art\/?s={search_term_string}\"},\"query-input\":{\"@type\":\"PropertyValueSpecification\",\"valueRequired\":true,\"valueName\":\"search_term_string\"}}],\"inLanguage\":\"en-US\"}]}<\/script>\n<!-- \/ Yoast SEO plugin. -->","yoast_head_json":{"title":"'Little circus elephant' - Papier-m\u00e2ch\u00e9 OOAK sculpture -","robots":{"index":"index","follow":"follow","max-snippet":"max-snippet:-1","max-image-preview":"max-image-preview:large","max-video-preview":"max-video-preview:-1"},"canonical":"https:\/\/zelyss.com\/art\/product\/little-circus-elephant-papier-mache-ooak-sculpture\/","og_locale":"en_US","og_type":"article","og_title":"'Little circus elephant' - Papier-m\u00e2ch\u00e9 OOAK sculpture -","og_description":"'Little circus elephant' - Papier-m\u00e2ch\u00e9 OOAK sculpture","og_url":"https:\/\/zelyss.com\/art\/product\/little-circus-elephant-papier-mache-ooak-sculpture\/","article_modified_time":"2025-11-26T08:39:25+00:00","og_image":[{"width":1200,"height":1761,"url":"https:\/\/zelyss.com\/art\/wp-content\/uploads\/2024\/09\/20240805_102826.jpg","type":"image\/jpeg"}],"twitter_card":"summary_large_image","twitter_misc":{"Est. reading time":"1 minute"},"schema":{"@context":"https:\/\/schema.org","@graph":[{"@type":"WebPage","@id":"https:\/\/zelyss.com\/art\/product\/little-circus-elephant-papier-mache-ooak-sculpture\/","url":"https:\/\/zelyss.com\/art\/product\/little-circus-elephant-papier-mache-ooak-sculpture\/","name":"'Little circus elephant' - Papier-m\u00e2ch\u00e9 OOAK sculpture -","isPartOf":{"@id":"https:\/\/zelyss.com\/art\/#website"},"primaryImageOfPage":{"@id":"https:\/\/zelyss.com\/art\/product\/little-circus-elephant-papier-mache-ooak-sculpture\/#primaryimage"},"image":{"@id":"https:\/\/zelyss.com\/art\/product\/little-circus-elephant-papier-mache-ooak-sculpture\/#primaryimage"},"thumbnailUrl":"https:\/\/zelyss.com\/art\/wp-content\/uploads\/2024\/09\/20240805_102826.jpg","datePublished":"2024-09-02T15:06:01+00:00","dateModified":"2025-11-26T08:39:25+00:00","breadcrumb":{"@id":"https:\/\/zelyss.com\/art\/product\/little-circus-elephant-papier-mache-ooak-sculpture\/#breadcrumb"},"inLanguage":"en-US","potentialAction":[{"@type":"ReadAction","target":["https:\/\/zelyss.com\/art\/product\/little-circus-elephant-papier-mache-ooak-sculpture\/"]}]},{"@type":"BreadcrumbList","@id":"https:\/\/zelyss.com\/art\/product\/little-circus-elephant-papier-mache-ooak-sculpture\/#breadcrumb","itemListElement":[{"@type":"ListItem","position":1,"name":"Home","item":"https:\/\/zelyss.com\/art\/"},{"@type":"ListItem","position":2,"name":"https:\/\/shop.zelyss.com\/","item":"https:\/\/zelyss.com\/art\/https-shop-zelyss-com\/"},{"@type":"ListItem","position":3,"name":"&#8216;Little circus elephant&#8217; &#8211; Papier-m\u00e2ch\u00e9 OOAK sculpture"}]},{"@type":"WebSite","@id":"https:\/\/zelyss.com\/art\/#website","url":"https:\/\/zelyss.com\/art\/","name":"","description":"Contemporary artist of big eyes paintings, dolls, toys &amp; miniatures","potentialAction":[{"@type":"SearchAction","target":{"@type":"EntryPoint","urlTemplate":"https:\/\/zelyss.com\/art\/?s={search_term_string}"},"query-input":{"@type":"PropertyValueSpecification","valueRequired":true,"valueName":"search_term_string"}}],"inLanguage":"en-US"}]}},"jetpack_sharing_enabled":true,"_links":{"self":[{"href":"https:\/\/zelyss.com\/art\/wp-json\/wp\/v2\/product\/1881","targetHints":{"allow":["GET"]}}],"collection":[{"href":"https:\/\/zelyss.com\/art\/wp-json\/wp\/v2\/product"}],"about":[{"href":"https:\/\/zelyss.com\/art\/wp-json\/wp\/v2\/types\/product"}],"wp:featuredmedia":[{"embeddable":true,"href":"https:\/\/zelyss.com\/art\/wp-json\/wp\/v2\/media\/1882"}],"wp:attachment":[{"href":"https:\/\/zelyss.com\/art\/wp-json\/wp\/v2\/media?parent=1881"}],"wp:term":[{"taxonomy":"product_brand","embeddable":true,"href":"https:\/\/zelyss.com\/art\/wp-json\/wp\/v2\/product_brand?post=1881"},{"taxonomy":"product_cat","embeddable":true,"href":"https:\/\/zelyss.com\/art\/wp-json\/wp\/v2\/product_cat?post=1881"},{"taxonomy":"product_tag","embeddable":true,"href":"https:\/\/zelyss.com\/art\/wp-json\/wp\/v2\/product_tag?post=1881"}],"curies":[{"name":"wp","href":"https:\/\/api.w.org\/{rel}","templated":true}]}}